{"id":9,"date":"2023-08-10T17:09:27","date_gmt":"2023-08-10T20:09:27","guid":{"rendered":"https:\/\/papo.global\/minha-conta\/"},"modified":"2026-03-19T18:30:41","modified_gmt":"2026-03-19T21:30:41","slug":"minha-conta","status":"publish","type":"page","link":"https:\/\/papo.global\/pt-br\/minha-conta","title":{"rendered":"Minha conta"},"content":{"rendered":"\t\t<div data-elementor-type=\"wp-page\" data-elementor-id=\"9\" class=\"elementor elementor-9\" data-elementor-post-type=\"page\">\n\t\t\t\t<div class=\"elementor-element elementor-element-4af4ff9 e-flex e-con-boxed e-con e-parent\" data-id=\"4af4ff9\" data-element_type=\"container\">\n\t\t\t\t\t<div class=\"e-con-inner\">\n\t\t<div class=\"elementor-element elementor-element-bb07208 e-con-full e-flex e-con e-child\" data-id=\"bb07208\" data-element_type=\"container\">\n\t\t\t\t<div class=\"elementor-element elementor-element-d1a9283 e-my-account-tabs-vertical elementor-widget elementor-widget-woocommerce-my-account\" data-id=\"d1a9283\" data-element_type=\"widget\" data-widget_type=\"woocommerce-my-account.default\">\n\t\t\t\t<div class=\"elementor-widget-container\">\n\t\t\t<div class=\"e-my-account-tab e-my-account-tab__ \">\t\t\t<div class=\"woocommerce\"><\/div>\t\t<\/div>\n\t\t\t\t<\/div>\n\t\t\t\t<\/div>\n\t\t\t\t<\/div>\n\t\t\t\t\t<\/div>\n\t\t\t\t<\/div>\n\t\t\t\t<\/div>\n\t\t","protected":false},"excerpt":{"rendered":"<p>Inicio Pedidos Downloads Endere\u00e7os Payment methods Configura\u00e7\u00f5es Funds Sair Your account with Papo Global is using a temporary password. We emailed you a link to change your password. Hello TaticWeb Dire\u00e7\u00e3o (not TaticWeb Dire\u00e7\u00e3o? Log out) From your account dashboard you can view your recent orders, manage your billing address, and edit your password and [&hellip;]<\/p>\n","protected":false},"author":11,"featured_media":0,"parent":0,"menu_order":0,"comment_status":"closed","ping_status":"closed","template":"","meta":{"footnotes":""},"class_list":["post-9","page","type-page","status-publish","hentry"],"_links":{"self":[{"href":"https:\/\/papo.global\/pt-br\/wp-json\/wp\/v2\/pages\/9","targetHints":{"allow":["GET"]}}],"collection":[{"href":"https:\/\/papo.global\/pt-br\/wp-json\/wp\/v2\/pages"}],"about":[{"href":"https:\/\/papo.global\/pt-br\/wp-json\/wp\/v2\/types\/page"}],"author":[{"embeddable":true,"href":"https:\/\/papo.global\/pt-br\/wp-json\/wp\/v2\/users\/11"}],"replies":[{"embeddable":true,"href":"https:\/\/papo.global\/pt-br\/wp-json\/wp\/v2\/comments?post=9"}],"version-history":[{"count":9,"href":"https:\/\/papo.global\/pt-br\/wp-json\/wp\/v2\/pages\/9\/revisions"}],"predecessor-version":[{"id":11801,"href":"https:\/\/papo.global\/pt-br\/wp-json\/wp\/v2\/pages\/9\/revisions\/11801"}],"wp:attachment":[{"href":"https:\/\/papo.global\/pt-br\/wp-json\/wp\/v2\/media?parent=9"}],"curies":[{"name":"wp","href":"https:\/\/api.w.org\/{rel}","templated":true}]}}